{"id":3531,"date":"2023-10-13T18:37:52","date_gmt":"2023-10-13T18:37:52","guid":{"rendered":"https:\/\/www.koeju.org.py\/?page_id=3531"},"modified":"2023-10-13T18:39:45","modified_gmt":"2023-10-13T18:39:45","slug":"eje-deporte","status":"publish","type":"page","link":"https:\/\/www.koeju.org.py\/?page_id=3531","title":{"rendered":"Eje Deporte"},"content":{"rendered":"\t\t<div data-elementor-type=\"wp-post\" data-elementor-id=\"3531\" class=\"elementor elementor-3531\">\n\t\t\t\t\t\t<section class=\"elementor-section elementor-top-section elementor-element elementor-element-f21ff25 elementor-section-boxed elementor-section-height-default elementor-section-height-default\" data-id=\"f21ff25\" data-element_type=\"section\">\n\t\t\t\t\t\t<div class=\"elementor-container elementor-column-gap-default\">\n\t\t\t\t\t<div class=\"elementor-column elementor-col-100 elementor-top-column elementor-element elementor-element-024be3d\" data-id=\"024be3d\" data-element_type=\"column\">\n\t\t\t<div class=\"elementor-widget-wrap elementor-element-populated\">\n\t\t\t\t\t\t<div class=\"elementor-element elementor-element-fa9f63d typo-heading-2 animated-fast elementor-invisible elementor-widget elementor-widget-text-editor\" data-id=\"fa9f63d\" data-element_type=\"widget\" data-settings=\"{&quot;_animation&quot;:&quot;opal-move-up&quot;}\" data-widget_type=\"text-editor.default\">\n\t\t\t\t<div class=\"elementor-widget-container\">\n\t\t\t<style>\/*! elementor - v3.22.0 - 26-06-2024 *\/\n.elementor-widget-text-editor.elementor-drop-cap-view-stacked .elementor-drop-cap{background-color:#69727d;color:#fff}.elementor-widget-text-editor.elementor-drop-cap-view-framed .elementor-drop-cap{color:#69727d;border:3px solid;background-color:transparent}.elementor-widget-text-editor:not(.elementor-drop-cap-view-default) .elementor-drop-cap{margin-top:8px}.elementor-widget-text-editor:not(.elementor-drop-cap-view-default) .elementor-drop-cap-letter{width:1em;height:1em}.elementor-widget-text-editor .elementor-drop-cap{float:left;text-align:center;line-height:1;font-size:50px}.elementor-widget-text-editor .elementor-drop-cap-letter{display:inline-block}<\/style>        <div class=\"elementor-text-editor elementor-clearfix\"><p>que ninguno se aparte de \u00e9l<\/p><\/div>\n        \t\t<\/div>\n\t\t\t\t<\/div>\n\t\t\t\t\t<\/div>\n\t\t<\/div>\n\t\t\t\t\t<\/div>\n\t\t<\/section>\n\t\t\t\t<section class=\"elementor-section elementor-top-section elementor-element elementor-element-b591713 elementor-section-stretched elementor-section-boxed elementor-section-height-default elementor-section-height-default\" data-id=\"b591713\" data-element_type=\"section\" id=\"eje1\" data-settings=\"{&quot;stretch_section&quot;:&quot;section-stretched&quot;,&quot;background_background&quot;:&quot;classic&quot;}\">\n\t\t\t\t\t\t<div class=\"elementor-container elementor-column-gap-no\">\n\t\t\t\t\t<div class=\"elementor-column elementor-col-100 elementor-top-column elementor-element elementor-element-69564f8\" data-id=\"69564f8\" data-element_type=\"column\">\n\t\t\t<div class=\"elementor-widget-wrap elementor-element-populated\">\n\t\t\t\t\t\t<div class=\"elementor-element elementor-element-092964d animated-fast elementor-invisible elementor-widget elementor-widget-heading\" data-id=\"092964d\" data-element_type=\"widget\" data-settings=\"{&quot;_animation&quot;:&quot;opal-move-up&quot;}\" data-widget_type=\"heading.default\">\n\t\t\t\t<div class=\"elementor-widget-container\">\n\t\t\t<style>\/*! elementor - v3.22.0 - 26-06-2024 *\/\n.elementor-heading-title{padding:0;margin:0;line-height:1}.elementor-widget-heading .elementor-heading-title[class*=elementor-size-]>a{color:inherit;font-size:inherit;line-height:inherit}.elementor-widget-heading .elementor-heading-title.elementor-size-small{font-size:15px}.elementor-widget-heading .elementor-heading-title.elementor-size-medium{font-size:19px}.elementor-widget-heading .elementor-heading-title.elementor-size-large{font-size:29px}.elementor-widget-heading .elementor-heading-title.elementor-size-xl{font-size:39px}.elementor-widget-heading .elementor-heading-title.elementor-size-xxl{font-size:59px}<\/style><h2 class=\"elementor-heading-title elementor-size-default\">Eje 4  - Deporte<\/h2><span class=\"heading-decor\"><\/span>\t\t<\/div>\n\t\t\t\t<\/div>\n\t\t\t\t<div class=\"elementor-element elementor-element-a159a38 animated-fast elementor-invisible elementor-widget elementor-widget-text-editor\" data-id=\"a159a38\" data-element_type=\"widget\" data-settings=\"{&quot;_animation&quot;:&quot;opal-move-up&quot;}\" data-widget_type=\"text-editor.default\">\n\t\t\t\t<div class=\"elementor-widget-container\">\n\t\t\t        <div class=\"elementor-text-editor elementor-clearfix\"><p>Buscamos a trav\u00e9s de la pr\u00e1ctica sistem\u00e1tica de deportes que ni\u00f1os en situaci\u00f3n de extrema pobreza desarrollen sus talentos.<\/p><p>F\u00fatbol<\/p><\/div>\n        \t\t<\/div>\n\t\t\t\t<\/div>\n\t\t\t\t<div class=\"elementor-element elementor-element-bd7f9ee gallery-spacing-custom elementor-widget elementor-widget-image-gallery\" data-id=\"bd7f9ee\" data-element_type=\"widget\" data-widget_type=\"image-gallery.default\">\n\t\t\t\t<div class=\"elementor-widget-container\">\n\t\t\t<style>\/*! elementor - v3.22.0 - 26-06-2024 *\/\n.elementor-image-gallery .gallery-item{display:inline-block;text-align:center;vertical-align:top;width:100%;max-width:100%;margin:0 auto}.elementor-image-gallery .gallery-item img{margin:0 auto}.elementor-image-gallery .gallery-item .gallery-caption{margin:0}.elementor-image-gallery figure img{display:block}.elementor-image-gallery figure figcaption{width:100%}.gallery-spacing-custom .elementor-image-gallery .gallery-icon{padding:0}@media (min-width:768px){.elementor-image-gallery .gallery-columns-2 .gallery-item{max-width:50%}.elementor-image-gallery .gallery-columns-3 .gallery-item{max-width:33.33%}.elementor-image-gallery .gallery-columns-4 .gallery-item{max-width:25%}.elementor-image-gallery .gallery-columns-5 .gallery-item{max-width:20%}.elementor-image-gallery .gallery-columns-6 .gallery-item{max-width:16.666%}.elementor-image-gallery .gallery-columns-7 .gallery-item{max-width:14.28%}.elementor-image-gallery .gallery-columns-8 .gallery-item{max-width:12.5%}.elementor-image-gallery .gallery-columns-9 .gallery-item{max-width:11.11%}.elementor-image-gallery .gallery-columns-10 .gallery-item{max-width:10%}}@media (min-width:480px) and (max-width:767px){.elementor-image-gallery .gallery.gallery-columns-2 .gallery-item,.elementor-image-gallery .gallery.gallery-columns-3 .gallery-item,.elementor-image-gallery .gallery.gallery-columns-4 .gallery-item,.elementor-image-gallery .gallery.gallery-columns-5 .gallery-item,.elementor-image-gallery .gallery.gallery-columns-6 .gallery-item,.elementor-image-gallery .gallery.gallery-columns-7 .gallery-item,.elementor-image-gallery .gallery.gallery-columns-8 .gallery-item,.elementor-image-gallery .gallery.gallery-columns-9 .gallery-item,.elementor-image-gallery .gallery.gallery-columns-10 .gallery-item{max-width:50%}}@media (max-width:479px){.elementor-image-gallery .gallery.gallery-columns-2 .gallery-item,.elementor-image-gallery .gallery.gallery-columns-3 .gallery-item,.elementor-image-gallery .gallery.gallery-columns-4 .gallery-item,.elementor-image-gallery .gallery.gallery-columns-5 .gallery-item,.elementor-image-gallery .gallery.gallery-columns-6 .gallery-item,.elementor-image-gallery .gallery.gallery-columns-7 .gallery-item,.elementor-image-gallery .gallery.gallery-columns-8 .gallery-item,.elementor-image-gallery .gallery.gallery-columns-9 .gallery-item,.elementor-image-gallery .gallery.gallery-columns-10 .gallery-item{max-width:100%}}<\/style>\t\t<div class=\"elementor-image-gallery\">\n\t\t\t<div id='gallery-1' class='gallery galleryid-3531 gallery-columns-3 gallery-size-medium_large'><figure class='gallery-item'>\n\t\t\t<div class='gallery-icon landscape'>\n\t\t\t\t<a data-elementor-open-lightbox=\"yes\" data-elementor-lightbox-slideshow=\"bd7f9ee\" data-elementor-lightbox-title=\"Futbol-Botines-49\" data-e-action-hash=\"#elementor-action%3Aaction%3Dlightbox%26settings%3DeyJpZCI6MzUzMywidXJsIjoiaHR0cHM6XC9cL3d3dy5rb2VqdS5vcmcucHlcL3dwLWNvbnRlbnRcL3VwbG9hZHNcLzIwMjNcLzEwXC9GdXRib2wtQm90aW5lcy00OS0xLmpwZyIsInNsaWRlc2hvdyI6ImJkN2Y5ZWUifQ%3D%3D\" href='https:\/\/www.koeju.org.py\/wp-content\/uploads\/2023\/10\/Futbol-Botines-49-1.jpg'><img fetchpriority=\"high\" decoding=\"async\" width=\"600\" height=\"400\" src=\"https:\/\/www.koeju.org.py\/wp-content\/uploads\/2023\/10\/Futbol-Botines-49-1-768x512.jpg\" class=\"attachment-medium_large size-medium_large\" alt=\"\" srcset=\"https:\/\/www.koeju.org.py\/wp-content\/uploads\/2023\/10\/Futbol-Botines-49-1-768x512.jpg 768w, https:\/\/www.koeju.org.py\/wp-content\/uploads\/2023\/10\/Futbol-Botines-49-1-300x200.jpg 300w, https:\/\/www.koeju.org.py\/wp-content\/uploads\/2023\/10\/Futbol-Botines-49-1-1024x683.jpg 1024w, https:\/\/www.koeju.org.py\/wp-content\/uploads\/2023\/10\/Futbol-Botines-49-1-1536x1024.jpg 1536w, https:\/\/www.koeju.org.py\/wp-content\/uploads\/2023\/10\/Futbol-Botines-49-1-400x267.jpg 400w, https:\/\/www.koeju.org.py\/wp-content\/uploads\/2023\/10\/Futbol-Botines-49-1.jpg 2048w\" sizes=\"(max-width: 600px) 100vw, 600px\" \/><\/a>\n\t\t\t<\/div><\/figure><figure class='gallery-item'>\n\t\t\t<div class='gallery-icon landscape'>\n\t\t\t\t<a data-elementor-open-lightbox=\"yes\" data-elementor-lightbox-slideshow=\"bd7f9ee\" data-elementor-lightbox-title=\"Futbol-Botines-51\" data-e-action-hash=\"#elementor-action%3Aaction%3Dlightbox%26settings%3DeyJpZCI6MzUzNCwidXJsIjoiaHR0cHM6XC9cL3d3dy5rb2VqdS5vcmcucHlcL3dwLWNvbnRlbnRcL3VwbG9hZHNcLzIwMjNcLzEwXC9GdXRib2wtQm90aW5lcy01MS5qcGciLCJzbGlkZXNob3ciOiJiZDdmOWVlIn0%3D\" href='https:\/\/www.koeju.org.py\/wp-content\/uploads\/2023\/10\/Futbol-Botines-51.jpg'><img decoding=\"async\" width=\"600\" height=\"400\" src=\"https:\/\/www.koeju.org.py\/wp-content\/uploads\/2023\/10\/Futbol-Botines-51-768x512.jpg\" class=\"attachment-medium_large size-medium_large\" alt=\"\" srcset=\"https:\/\/www.koeju.org.py\/wp-content\/uploads\/2023\/10\/Futbol-Botines-51-768x512.jpg 768w, https:\/\/www.koeju.org.py\/wp-content\/uploads\/2023\/10\/Futbol-Botines-51-300x200.jpg 300w, https:\/\/www.koeju.org.py\/wp-content\/uploads\/2023\/10\/Futbol-Botines-51-1024x683.jpg 1024w, https:\/\/www.koeju.org.py\/wp-content\/uploads\/2023\/10\/Futbol-Botines-51-1536x1025.jpg 1536w, https:\/\/www.koeju.org.py\/wp-content\/uploads\/2023\/10\/Futbol-Botines-51-400x267.jpg 400w, https:\/\/www.koeju.org.py\/wp-content\/uploads\/2023\/10\/Futbol-Botines-51.jpg 2048w\" sizes=\"(max-width: 600px) 100vw, 600px\" \/><\/a>\n\t\t\t<\/div><\/figure><figure class='gallery-item'>\n\t\t\t<div class='gallery-icon landscape'>\n\t\t\t\t<a data-elementor-open-lightbox=\"yes\" data-elementor-lightbox-slideshow=\"bd7f9ee\" data-elementor-lightbox-title=\"Futbol-Botines-114\" data-e-action-hash=\"#elementor-action%3Aaction%3Dlightbox%26settings%3DeyJpZCI6MzUzNSwidXJsIjoiaHR0cHM6XC9cL3d3dy5rb2VqdS5vcmcucHlcL3dwLWNvbnRlbnRcL3VwbG9hZHNcLzIwMjNcLzEwXC9GdXRib2wtQm90aW5lcy0xMTQuanBnIiwic2xpZGVzaG93IjoiYmQ3ZjllZSJ9\" href='https:\/\/www.koeju.org.py\/wp-content\/uploads\/2023\/10\/Futbol-Botines-114.jpg'><img decoding=\"async\" width=\"600\" height=\"400\" src=\"https:\/\/www.koeju.org.py\/wp-content\/uploads\/2023\/10\/Futbol-Botines-114-768x512.jpg\" class=\"attachment-medium_large size-medium_large\" alt=\"\" srcset=\"https:\/\/www.koeju.org.py\/wp-content\/uploads\/2023\/10\/Futbol-Botines-114-768x512.jpg 768w, https:\/\/www.koeju.org.py\/wp-content\/uploads\/2023\/10\/Futbol-Botines-114-300x200.jpg 300w, https:\/\/www.koeju.org.py\/wp-content\/uploads\/2023\/10\/Futbol-Botines-114-1024x683.jpg 1024w, https:\/\/www.koeju.org.py\/wp-content\/uploads\/2023\/10\/Futbol-Botines-114-1536x1025.jpg 1536w, https:\/\/www.koeju.org.py\/wp-content\/uploads\/2023\/10\/Futbol-Botines-114-400x267.jpg 400w, https:\/\/www.koeju.org.py\/wp-content\/uploads\/2023\/10\/Futbol-Botines-114.jpg 2048w\" sizes=\"(max-width: 600px) 100vw, 600px\" \/><\/a>\n\t\t\t<\/div><\/figure>\n\t\t<\/div>\n\t\t<\/div>\n\t\t\t\t<\/div>\n\t\t\t\t<\/div>\n\t\t\t\t<div class=\"elementor-element elementor-element-1bcbdf9 elementor-widget elementor-widget-spacer\" data-id=\"1bcbdf9\" data-element_type=\"widget\" data-widget_type=\"spacer.default\">\n\t\t\t\t<div class=\"elementor-widget-container\">\n\t\t\t<style>\/*! elementor - v3.22.0 - 26-06-2024 *\/\n.elementor-column .elementor-spacer-inner{height:var(--spacer-size)}.e-con{--container-widget-width:100%}.e-con-inner>.elementor-widget-spacer,.e-con>.elementor-widget-spacer{width:var(--container-widget-width,var(--spacer-size));--align-self:var(--container-widget-align-self,initial);--flex-shrink:0}.e-con-inner>.elementor-widget-spacer>.elementor-widget-container,.e-con>.elementor-widget-spacer>.elementor-widget-container{height:100%;width:100%}.e-con-inner>.elementor-widget-spacer>.elementor-widget-container>.elementor-spacer,.e-con>.elementor-widget-spacer>.elementor-widget-container>.elementor-spacer{height:100%}.e-con-inner>.elementor-widget-spacer>.elementor-widget-container>.elementor-spacer>.elementor-spacer-inner,.e-con>.elementor-widget-spacer>.elementor-widget-container>.elementor-spacer>.elementor-spacer-inner{height:var(--container-widget-height,var(--spacer-size))}.e-con-inner>.elementor-widget-spacer.elementor-widget-empty,.e-con>.elementor-widget-spacer.elementor-widget-empty{position:relative;min-height:22px;min-width:22px}.e-con-inner>.elementor-widget-spacer.elementor-widget-empty .elementor-widget-empty-icon,.e-con>.elementor-widget-spacer.elementor-widget-empty .elementor-widget-empty-icon{position:absolute;top:0;bottom:0;left:0;right:0;margin:auto;padding:0;width:22px;height:22px}<\/style>\t\t<div class=\"elementor-spacer\">\n\t\t\t<div class=\"elementor-spacer-inner\"><\/div>\n\t\t<\/div>\n\t\t\t\t<\/div>\n\t\t\t\t<\/div>\n\t\t\t\t\t<\/div>\n\t\t<\/div>\n\t\t\t\t\t<\/div>\n\t\t<\/section>\n\t\t\t\t<\/div>\n\t\t","protected":false},"excerpt":{"rendered":"<p>que ninguno se aparte de \u00e9l Eje 4 &#8211; Deporte Buscamos a trav\u00e9s de la pr\u00e1ctica sistem\u00e1tica de deportes que ni\u00f1os en situaci\u00f3n de extrema pobreza desarrollen sus talentos. F\u00fatbol<\/p>\n","protected":false},"author":1,"featured_media":0,"parent":0,"menu_order":0,"comment_status":"closed","ping_status":"closed","template":"page-elementor.php","meta":{"inline_featured_image":false,"footnotes":""},"class_list":["post-3531","page","type-page","status-publish","hentry"],"_links":{"self":[{"href":"https:\/\/www.koeju.org.py\/index.php?rest_route=\/wp\/v2\/pages\/3531","targetHints":{"allow":["GET"]}}],"collection":[{"href":"https:\/\/www.koeju.org.py\/index.php?rest_route=\/wp\/v2\/pages"}],"about":[{"href":"https:\/\/www.koeju.org.py\/index.php?rest_route=\/wp\/v2\/types\/page"}],"author":[{"embeddable":true,"href":"https:\/\/www.koeju.org.py\/index.php?rest_route=\/wp\/v2\/users\/1"}],"replies":[{"embeddable":true,"href":"https:\/\/www.koeju.org.py\/index.php?rest_route=%2Fwp%2Fv2%2Fcomments&post=3531"}],"version-history":[{"count":4,"href":"https:\/\/www.koeju.org.py\/index.php?rest_route=\/wp\/v2\/pages\/3531\/revisions"}],"predecessor-version":[{"id":3539,"href":"https:\/\/www.koeju.org.py\/index.php?rest_route=\/wp\/v2\/pages\/3531\/revisions\/3539"}],"wp:attachment":[{"href":"https:\/\/www.koeju.org.py\/index.php?rest_route=%2Fwp%2Fv2%2Fmedia&parent=3531"}],"curies":[{"name":"wp","href":"https:\/\/api.w.org\/{rel}","templated":true}]}}