{"id":3086,"date":"2023-09-30T17:06:52","date_gmt":"2023-09-30T17:06:52","guid":{"rendered":"https:\/\/www.koeju.org.py\/?page_id=3086"},"modified":"2023-09-30T18:51:15","modified_gmt":"2023-09-30T18:51:15","slug":"politica-de-proteccion-al-menor","status":"publish","type":"page","link":"https:\/\/www.koeju.org.py\/?page_id=3086","title":{"rendered":"Pol\u00edtica de protecci\u00f3n al menor"},"content":{"rendered":"\t\t<div data-elementor-type=\"wp-post\" data-elementor-id=\"3086\" class=\"elementor elementor-3086\">\n\t\t\t\t\t\t<section class=\"elementor-section elementor-top-section elementor-element elementor-element-3864f44 elementor-section-stretched animated-fast elementor-section-boxed elementor-section-height-default elementor-section-height-default elementor-invisible\" data-id=\"3864f44\" data-element_type=\"section\" data-settings=\"{&quot;stretch_section&quot;:&quot;section-stretched&quot;,&quot;animation&quot;:&quot;opal-move-up&quot;}\">\n\t\t\t\t\t\t<div class=\"elementor-container elementor-column-gap-no\">\n\t\t\t\t\t<div class=\"elementor-column elementor-col-100 elementor-top-column elementor-element elementor-element-b5a8c1d\" data-id=\"b5a8c1d\" data-element_type=\"column\">\n\t\t\t<div class=\"elementor-widget-wrap elementor-element-populated\">\n\t\t\t\t\t\t<div class=\"elementor-element elementor-element-8c4bc80 elementor-drop-cap-yes elementor-drop-cap-view-default elementor-widget elementor-widget-text-editor\" data-id=\"8c4bc80\" data-element_type=\"widget\" data-settings=\"{&quot;drop_cap&quot;:&quot;yes&quot;}\" data-widget_type=\"text-editor.default\">\n\t\t\t\t<div class=\"elementor-widget-container\">\n\t\t\t<style>\/*! elementor - v3.22.0 - 26-06-2024 *\/\n.elementor-widget-text-editor.elementor-drop-cap-view-stacked .elementor-drop-cap{background-color:#69727d;color:#fff}.elementor-widget-text-editor.elementor-drop-cap-view-framed .elementor-drop-cap{color:#69727d;border:3px solid;background-color:transparent}.elementor-widget-text-editor:not(.elementor-drop-cap-view-default) .elementor-drop-cap{margin-top:8px}.elementor-widget-text-editor:not(.elementor-drop-cap-view-default) .elementor-drop-cap-letter{width:1em;height:1em}.elementor-widget-text-editor .elementor-drop-cap{float:left;text-align:center;line-height:1;font-size:50px}.elementor-widget-text-editor .elementor-drop-cap-letter{display:inline-block}<\/style>        <div class=\"elementor-text-editor elementor-clearfix\"><p><strong>Objetivo:<\/strong> Proteger a los ni\u00f1os, ni\u00f1as y adolescentes beneficiarios de los programas de la Fundaci\u00f3n Ko&#8217;eju.<\/p><p><strong>Dirigido a:<\/strong> Toda persona vinculada con ni\u00f1os, ni\u00f1as y adolescentes directa o indirectamente. Y a los mismos ni\u00f1os, ni\u00f1as y adolescentes beneficiarios de los programas de la Fundaci\u00f3n Ko\u2019eju.<\/p><p><strong>\u00bfQu\u00e9 se considera como abuso?<\/strong><\/p><p>Es todo acto que atente contra la integridad f\u00edsica, ps\u00edquica y emocional del menor. Ya sea trato humillante, trabajo o explotaci\u00f3n infantil, abandono, violencia, abuso sexual o violaci\u00f3n, pornograf\u00eda infantil.<\/p><p><strong>Protocolo de Conducta<\/strong><br \/>Nos ayudan a mantener un comportamiento responsable y comprometido:<br \/>\u2022 Tratar a los menores con dignidad, respeto y buen trato.<br \/>\u2022 Vestir adecuadamente en todo momento.<\/p><p><strong>Evitar comportamientos que puedan mal interpretarse:<\/strong><br \/>\u2022 Estar siempre visibles para otros adultos cuando hablen con los menores.<br \/>\u2022 Utilizar la regla de \u201csiempre dos\u201d, acompa\u00f1ado de 2 personas (2 adultos &#8211; 1 ni\u00f1o \/ 1 adulto \u2013 2 ni\u00f1os)<br \/>\u2022 Comunicar al l\u00edder m\u00e1s cercano la iniciativa de acercamiento intenso de un menor a un voluntario o personal.<br \/>\u2022 Invitar a cualquier menor a programas no organizados por la Iglesia, sin el consentimiento de los padres o encargados.<\/p><p><strong>Comportamientos que se pueden malinterpretar:<\/strong><br \/>\u2022 Abrazar o establecer contacto por iniciativa propia a un menor.<br \/>\u2022 Compartir datos de contacto en redes sociales o telef\u00f3nicas.<\/p><p><strong>Derecho a la privacidad del menor:<\/strong><br \/>\u2022 Evitar tomar fotograf\u00edas y\/o publicar la ubicaci\u00f3n o identidad de los menores, salvo previa Autorizaci\u00f3n firmada por los padres o tutores (Art. 29 Ley 1680) CODIGO DE LA NI\u00d1EZ Y LA ADOLESCENCIA<br \/>\u2022 Se autorizan solo fotograf\u00edas grupales\u00b4<br \/>\u2022 Los NNA tienen derecho a decidir la cantidad de contacto f\u00edsico que tienen con los dem\u00e1s, salvo en circunstancias en las que requieran atenci\u00f3n m\u00e9dica.<\/p><p><strong>\u00bfQu\u00e9 se considera para sospechar un abuso?\u00a0<\/strong><br \/>\u2022 Cambio notorio de conducta.<br \/>\u2022 Rechazo ante ciertas personas o lugares que antes aceptaba.<br \/>\u2022 Defensivo ante el contacto f\u00edsico.<br \/>\u2022 Declaraci\u00f3n del menor en cuesti\u00f3n u otros menores.<\/p><p><strong>\u00bfQu\u00e9 hago si sospecho de un abuso?<\/strong><br \/>\u2022 Comunicar directamente v\u00eda whatsapp al 0972548775 \u00c1rea de Coordinaci\u00f3n de la Fundaci\u00f3n Ko\u2019eju.<\/p><p>Para solicitar o PROVEER informaci\u00f3n contactar con:<br \/>Fundaci\u00f3n Ko&#8217;eju (021) 620 5000 int 1123<br \/>koejuparaguay@koeju.org.py<br \/>Whtasapp al 0972548775.<\/p><p>Se garantiza la confidencialidad y anonimato de la informaci\u00f3n que se reciba.<\/p><\/div>\n        \t\t<\/div>\n\t\t\t\t<\/div>\n\t\t\t\t\t<\/div>\n\t\t<\/div>\n\t\t\t\t\t<\/div>\n\t\t<\/section>\n\t\t\t\t<\/div>\n\t\t","protected":false},"excerpt":{"rendered":"<p>Objetivo: Proteger a los ni\u00f1os, ni\u00f1as y adolescentes beneficiarios de los programas de la Fundaci\u00f3n Ko&#8217;eju. Dirigido a: Toda persona vinculada con ni\u00f1os, ni\u00f1as y adolescentes directa o indirectamente. Y a los mismos ni\u00f1os, ni\u00f1as y adolescentes beneficiarios de los programas de la Fundaci\u00f3n Ko\u2019eju. \u00bfQu\u00e9 se considera como abuso? Es todo acto que atente &hellip; <span class=\"more-link-wrap\"><a href=\"https:\/\/www.koeju.org.py\/?page_id=3086\" class=\"more-link\">Read More <span class=\"screen-reader-text\"> &#8220;Pol\u00edtica de protecci\u00f3n al menor&#8221;<\/span><\/a><\/span><\/p>\n","protected":false},"author":1,"featured_media":0,"parent":0,"menu_order":0,"comment_status":"closed","ping_status":"closed","template":"page-elementor.php","meta":{"inline_featured_image":false,"footnotes":""},"class_list":["post-3086","page","type-page","status-publish","hentry"],"_links":{"self":[{"href":"https:\/\/www.koeju.org.py\/index.php?rest_route=\/wp\/v2\/pages\/3086","targetHints":{"allow":["GET"]}}],"collection":[{"href":"https:\/\/www.koeju.org.py\/index.php?rest_route=\/wp\/v2\/pages"}],"about":[{"href":"https:\/\/www.koeju.org.py\/index.php?rest_route=\/wp\/v2\/types\/page"}],"author":[{"embeddable":true,"href":"https:\/\/www.koeju.org.py\/index.php?rest_route=\/wp\/v2\/users\/1"}],"replies":[{"embeddable":true,"href":"https:\/\/www.koeju.org.py\/index.php?rest_route=%2Fwp%2Fv2%2Fcomments&post=3086"}],"version-history":[{"count":40,"href":"https:\/\/www.koeju.org.py\/index.php?rest_route=\/wp\/v2\/pages\/3086\/revisions"}],"predecessor-version":[{"id":3127,"href":"https:\/\/www.koeju.org.py\/index.php?rest_route=\/wp\/v2\/pages\/3086\/revisions\/3127"}],"wp:attachment":[{"href":"https:\/\/www.koeju.org.py\/index.php?rest_route=%2Fwp%2Fv2%2Fmedia&parent=3086"}],"curies":[{"name":"wp","href":"https:\/\/api.w.org\/{rel}","templated":true}]}}