{"id":1402,"date":"2019-08-26T03:58:07","date_gmt":"2019-08-26T03:58:07","guid":{"rendered":"http:\/\/source.wpopal.com\/unity\/?page_id=1402"},"modified":"2023-10-03T22:45:30","modified_gmt":"2023-10-03T22:45:30","slug":"se-un-padrino","status":"publish","type":"page","link":"https:\/\/www.koeju.org.py\/?page_id=1402","title":{"rendered":"S\u00e9 un padrino"},"content":{"rendered":"\t\t<div data-elementor-type=\"wp-post\" data-elementor-id=\"1402\" class=\"elementor elementor-1402\">\n\t\t\t\t\t\t<section class=\"elementor-section elementor-top-section elementor-element elementor-element-3864f44 elementor-section-stretched animated-fast elementor-section-boxed elementor-section-height-default elementor-section-height-default elementor-invisible\" data-id=\"3864f44\" data-element_type=\"section\" data-settings=\"{&quot;stretch_section&quot;:&quot;section-stretched&quot;,&quot;animation&quot;:&quot;opal-move-up&quot;}\">\n\t\t\t\t\t\t<div class=\"elementor-container elementor-column-gap-no\">\n\t\t\t\t\t<div class=\"elementor-column elementor-col-100 elementor-top-column elementor-element elementor-element-b5a8c1d\" data-id=\"b5a8c1d\" data-element_type=\"column\">\n\t\t\t<div class=\"elementor-widget-wrap elementor-element-populated\">\n\t\t\t\t\t\t<div class=\"elementor-element elementor-element-783fb21 elementor-widget elementor-widget-heading\" data-id=\"783fb21\" data-element_type=\"widget\" data-widget_type=\"heading.default\">\n\t\t\t\t<div class=\"elementor-widget-container\">\n\t\t\t<style>\/*! elementor - v3.22.0 - 26-06-2024 *\/\n.elementor-heading-title{padding:0;margin:0;line-height:1}.elementor-widget-heading .elementor-heading-title[class*=elementor-size-]>a{color:inherit;font-size:inherit;line-height:inherit}.elementor-widget-heading .elementor-heading-title.elementor-size-small{font-size:15px}.elementor-widget-heading .elementor-heading-title.elementor-size-medium{font-size:19px}.elementor-widget-heading .elementor-heading-title.elementor-size-large{font-size:29px}.elementor-widget-heading .elementor-heading-title.elementor-size-xl{font-size:39px}.elementor-widget-heading .elementor-heading-title.elementor-size-xxl{font-size:59px}<\/style><h2 class=\"elementor-heading-title elementor-size-default\">\u00bfQu\u00e9 significa ser un padrino?<\/h2><span class=\"heading-decor\"><\/span>\t\t<\/div>\n\t\t\t\t<\/div>\n\t\t\t\t<div class=\"elementor-element elementor-element-8c4bc80 elementor-widget elementor-widget-text-editor\" data-id=\"8c4bc80\" data-element_type=\"widget\" data-widget_type=\"text-editor.default\">\n\t\t\t\t<div class=\"elementor-widget-container\">\n\t\t\t<style>\/*! elementor - v3.22.0 - 26-06-2024 *\/\n.elementor-widget-text-editor.elementor-drop-cap-view-stacked .elementor-drop-cap{background-color:#69727d;color:#fff}.elementor-widget-text-editor.elementor-drop-cap-view-framed .elementor-drop-cap{color:#69727d;border:3px solid;background-color:transparent}.elementor-widget-text-editor:not(.elementor-drop-cap-view-default) .elementor-drop-cap{margin-top:8px}.elementor-widget-text-editor:not(.elementor-drop-cap-view-default) .elementor-drop-cap-letter{width:1em;height:1em}.elementor-widget-text-editor .elementor-drop-cap{float:left;text-align:center;line-height:1;font-size:50px}.elementor-widget-text-editor .elementor-drop-cap-letter{display:inline-block}<\/style>        <div class=\"elementor-text-editor elementor-clearfix\">Ser padrino Ko\u2019eju es un acto de amor, un llamado a impactar con su inversi\u00f3n  en el desarrollo de un ni\u00f1o\/adolescente para que crezca sano, otorg\u00e1ndole la posibilidad de ser una persona de bien, desafiando a un destino actual incierto a una oportunidad de vida digna, \u00fatil a su sociedad y a toda su generaci\u00f3n.<\/div>\n        \t\t<\/div>\n\t\t\t\t<\/div>\n\t\t\t\t<div class=\"elementor-element elementor-element-2be1b41 elementor-widget elementor-widget-heading\" data-id=\"2be1b41\" data-element_type=\"widget\" data-widget_type=\"heading.default\">\n\t\t\t\t<div class=\"elementor-widget-container\">\n\t\t\t<h2 class=\"elementor-heading-title elementor-size-default\">\u00bfC\u00f3mo ser un padrino?<\/h2><span class=\"heading-decor\"><\/span>\t\t<\/div>\n\t\t\t\t<\/div>\n\t\t\t\t<div class=\"elementor-element elementor-element-f89fa43 elementor-widget elementor-widget-text-editor\" data-id=\"f89fa43\" data-element_type=\"widget\" data-widget_type=\"text-editor.default\">\n\t\t\t\t<div class=\"elementor-widget-container\">\n\t\t\t        <div class=\"elementor-text-editor elementor-clearfix\"><p>Contactando con la Fundaci\u00f3n Ko\u2019eju donde se les guiara a las diferentes modalidades de padrinazgo y a completar un formulario de compromiso:<br \/><strong>Individual:<\/strong> Con tu aporte mensual de Gs. 100.000 o anual de Gs. 1.200.000<br \/><strong>Empresarial:<\/strong> Con tu aporte m\u00ednimo mensual de Gs. 1.000.000<\/p><\/div>\n        \t\t<\/div>\n\t\t\t\t<\/div>\n\t\t\t\t<div class=\"elementor-element elementor-element-5b4938a elementor-widget elementor-widget-heading\" data-id=\"5b4938a\" data-element_type=\"widget\" data-widget_type=\"heading.default\">\n\t\t\t\t<div class=\"elementor-widget-container\">\n\t\t\t<h2 class=\"elementor-heading-title elementor-size-default\">\u00bfC\u00f3mo se relaciona el padrinazgo con la fundaci\u00f3n?<\/h2><span class=\"heading-decor\"><\/span>\t\t<\/div>\n\t\t\t\t<\/div>\n\t\t\t\t<div class=\"elementor-element elementor-element-1b327b3 elementor-widget elementor-widget-text-editor\" data-id=\"1b327b3\" data-element_type=\"widget\" data-widget_type=\"text-editor.default\">\n\t\t\t\t<div class=\"elementor-widget-container\">\n\t\t\t        <div class=\"elementor-text-editor elementor-clearfix\">El Padrinazgo recibir\u00e1 a trav\u00e9s de todos los medios de comunicaci\u00f3n informaci\u00f3n de las acciones desarrolladas con los beneficiarios en los Centros de Transformaci\u00f3n ko\u2019eju &#8211; CTK. Pudi\u00e9ndose coordinar visitas a los CTK para la implementaci\u00f3n del plan de RSE -responsabilidad social empresarial.<\/div>\n        \t\t<\/div>\n\t\t\t\t<\/div>\n\t\t\t\t<div class=\"elementor-element elementor-element-7a132d5 elementor-widget elementor-widget-heading\" data-id=\"7a132d5\" data-element_type=\"widget\" data-widget_type=\"heading.default\">\n\t\t\t\t<div class=\"elementor-widget-container\">\n\t\t\t<h2 class=\"elementor-heading-title elementor-size-default\">\u00bfQu\u00e9 representa tu aporte de padrinazgo?<\/h2><span class=\"heading-decor\"><\/span>\t\t<\/div>\n\t\t\t\t<\/div>\n\t\t\t\t<div class=\"elementor-element elementor-element-6368393 elementor-widget elementor-widget-text-editor\" data-id=\"6368393\" data-element_type=\"widget\" data-widget_type=\"text-editor.default\">\n\t\t\t\t<div class=\"elementor-widget-container\">\n\t\t\t        <div class=\"elementor-text-editor elementor-clearfix\">Tu aporte de padrinazgo representa la transformaci\u00f3n de vida digna de un ni\u00f1o\/adolescente y sus familias a trav\u00e9s del desarrollo de las l\u00edneas de acci\u00f3n de los 6 ejes program\u00e1ticos de la Fundaci\u00f3n Ko\u2019eju.<\/div>\n        \t\t<\/div>\n\t\t\t\t<\/div>\n\t\t\t\t<div class=\"elementor-element elementor-element-57e7173 elementor-widget elementor-widget-heading\" data-id=\"57e7173\" data-element_type=\"widget\" data-widget_type=\"heading.default\">\n\t\t\t\t<div class=\"elementor-widget-container\">\n\t\t\t<h2 class=\"elementor-heading-title elementor-size-default\">Donar<\/h2><span class=\"heading-decor\"><\/span>\t\t<\/div>\n\t\t\t\t<\/div>\n\t\t\t\t<div class=\"elementor-element elementor-element-3a5b439 elementor-widget elementor-widget-text-editor\" data-id=\"3a5b439\" data-element_type=\"widget\" data-widget_type=\"text-editor.default\">\n\t\t\t\t<div class=\"elementor-widget-container\">\n\t\t\t        <div class=\"elementor-text-editor elementor-clearfix\"><p><strong>BANCO CONTINENTAL CTA. CTE.:<\/strong> 50-897746-01<\/p><p><strong>BANCO ITAU CTA. CTE.<\/strong> 00006587<\/p><p><strong>RAZ\u00d3N SOCIAL:<\/strong> FUNDACI\u00d3N KO\u2019EJU<\/p><p><strong>RUC:<\/strong> 80108025-8<\/p><\/div>\n        \t\t<\/div>\n\t\t\t\t<\/div>\n\t\t\t\t\t<\/div>\n\t\t<\/div>\n\t\t\t\t\t<\/div>\n\t\t<\/section>\n\t\t\t\t<\/div>\n\t\t","protected":false},"excerpt":{"rendered":"<p>\u00bfQu\u00e9 significa ser un padrino? Ser padrino Ko\u2019eju es un acto de amor, un llamado a impactar con su inversi\u00f3n en el desarrollo de un ni\u00f1o\/adolescente para que crezca sano, otorg\u00e1ndole la posibilidad de ser una persona de bien, desafiando a un destino actual incierto a una oportunidad de vida digna, \u00fatil a su sociedad &hellip; <span class=\"more-link-wrap\"><a href=\"https:\/\/www.koeju.org.py\/?page_id=1402\" class=\"more-link\">Read More <span class=\"screen-reader-text\"> &#8220;S\u00e9 un padrino&#8221;<\/span><\/a><\/span><\/p>\n","protected":false},"author":1,"featured_media":0,"parent":0,"menu_order":0,"comment_status":"closed","ping_status":"closed","template":"page-elementor.php","meta":{"inline_featured_image":false,"footnotes":""},"class_list":["post-1402","page","type-page","status-publish","hentry"],"_links":{"self":[{"href":"https:\/\/www.koeju.org.py\/index.php?rest_route=\/wp\/v2\/pages\/1402","targetHints":{"allow":["GET"]}}],"collection":[{"href":"https:\/\/www.koeju.org.py\/index.php?rest_route=\/wp\/v2\/pages"}],"about":[{"href":"https:\/\/www.koeju.org.py\/index.php?rest_route=\/wp\/v2\/types\/page"}],"author":[{"embeddable":true,"href":"https:\/\/www.koeju.org.py\/index.php?rest_route=\/wp\/v2\/users\/1"}],"replies":[{"embeddable":true,"href":"https:\/\/www.koeju.org.py\/index.php?rest_route=%2Fwp%2Fv2%2Fcomments&post=1402"}],"version-history":[{"count":11,"href":"https:\/\/www.koeju.org.py\/index.php?rest_route=\/wp\/v2\/pages\/1402\/revisions"}],"predecessor-version":[{"id":3414,"href":"https:\/\/www.koeju.org.py\/index.php?rest_route=\/wp\/v2\/pages\/1402\/revisions\/3414"}],"wp:attachment":[{"href":"https:\/\/www.koeju.org.py\/index.php?rest_route=%2Fwp%2Fv2%2Fmedia&parent=1402"}],"curies":[{"name":"wp","href":"https:\/\/api.w.org\/{rel}","templated":true}]}}