{"id":1351,"date":"2019-08-26T02:46:54","date_gmt":"2019-08-26T02:46:54","guid":{"rendered":"http:\/\/source.wpopal.com\/unity\/?page_id=1351"},"modified":"2023-10-03T23:14:15","modified_gmt":"2023-10-03T23:14:15","slug":"contacto","status":"publish","type":"page","link":"https:\/\/www.koeju.org.py\/?page_id=1351","title":{"rendered":"Contacto"},"content":{"rendered":"\t\t<div data-elementor-type=\"wp-post\" data-elementor-id=\"1351\" class=\"elementor elementor-1351\">\n\t\t\t\t\t\t<section class=\"elementor-section elementor-top-section elementor-element elementor-element-5aa2fe4 elementor-section-stretched elementor-section-boxed elementor-section-height-default elementor-section-height-default\" data-id=\"5aa2fe4\" data-element_type=\"section\" data-settings=\"{&quot;stretch_section&quot;:&quot;section-stretched&quot;}\">\n\t\t\t\t\t\t<div class=\"elementor-container elementor-column-gap-no\">\n\t\t\t\t\t<div class=\"elementor-column elementor-col-50 elementor-top-column elementor-element elementor-element-7baf917\" data-id=\"7baf917\" data-element_type=\"column\">\n\t\t\t<div class=\"elementor-widget-wrap elementor-element-populated\">\n\t\t\t\t\t\t<div class=\"elementor-element elementor-element-7489931 elementor-align-left elementor-widget elementor-widget-heading\" data-id=\"7489931\" data-element_type=\"widget\" data-widget_type=\"heading.default\">\n\t\t\t\t<div class=\"elementor-widget-container\">\n\t\t\t<style>\/*! elementor - v3.22.0 - 26-06-2024 *\/\n.elementor-heading-title{padding:0;margin:0;line-height:1}.elementor-widget-heading .elementor-heading-title[class*=elementor-size-]>a{color:inherit;font-size:inherit;line-height:inherit}.elementor-widget-heading .elementor-heading-title.elementor-size-small{font-size:15px}.elementor-widget-heading .elementor-heading-title.elementor-size-medium{font-size:19px}.elementor-widget-heading .elementor-heading-title.elementor-size-large{font-size:29px}.elementor-widget-heading .elementor-heading-title.elementor-size-xl{font-size:39px}.elementor-widget-heading .elementor-heading-title.elementor-size-xxl{font-size:59px}<\/style><h2 class=\"elementor-heading-title elementor-size-default\">\u00a1Con\u00e9ctate con Nosotros! Cont\u00e1ctanos para Hacer la Diferencia Juntos<\/h2>\t\t<\/div>\n\t\t\t\t<\/div>\n\t\t\t\t<div class=\"elementor-element elementor-element-bbf48b2 elementor-widget elementor-widget-text-editor\" data-id=\"bbf48b2\" data-element_type=\"widget\" data-widget_type=\"text-editor.default\">\n\t\t\t\t<div class=\"elementor-widget-container\">\n\t\t\t<style>\/*! elementor - v3.22.0 - 26-06-2024 *\/\n.elementor-widget-text-editor.elementor-drop-cap-view-stacked .elementor-drop-cap{background-color:#69727d;color:#fff}.elementor-widget-text-editor.elementor-drop-cap-view-framed .elementor-drop-cap{color:#69727d;border:3px solid;background-color:transparent}.elementor-widget-text-editor:not(.elementor-drop-cap-view-default) .elementor-drop-cap{margin-top:8px}.elementor-widget-text-editor:not(.elementor-drop-cap-view-default) .elementor-drop-cap-letter{width:1em;height:1em}.elementor-widget-text-editor .elementor-drop-cap{float:left;text-align:center;line-height:1;font-size:50px}.elementor-widget-text-editor .elementor-drop-cap-letter{display:inline-block}<\/style>        <div class=\"elementor-text-editor elementor-clearfix\">direcci\u00f3n<\/div>\n        \t\t<\/div>\n\t\t\t\t<\/div>\n\t\t\t\t<div class=\"elementor-element elementor-element-6dbdec5 elementor-widget elementor-widget-text-editor\" data-id=\"6dbdec5\" data-element_type=\"widget\" data-widget_type=\"text-editor.default\">\n\t\t\t\t<div class=\"elementor-widget-container\">\n\t\t\t        <div class=\"elementor-text-editor elementor-clearfix\"><p><a href=\"https:\/\/goo.gl\/maps\/L2H7QS6TVtxKQSMa6\">Olegario Andrade esq. Soriano Gonz\u00e1lez<\/a><br \/>Barrio Herrera \/ Asunci\u00f3n \u2013 Paraguay<br \/>C\u00f3digo Postal: 1383<br \/>Casilla de Correo: 1833<\/p><\/div>\n        \t\t<\/div>\n\t\t\t\t<\/div>\n\t\t\t\t<div class=\"elementor-element elementor-element-09ffa93 elementor-widget elementor-widget-text-editor\" data-id=\"09ffa93\" data-element_type=\"widget\" data-widget_type=\"text-editor.default\">\n\t\t\t\t<div class=\"elementor-widget-container\">\n\t\t\t        <div class=\"elementor-text-editor elementor-clearfix\"><p>email<\/p><\/div>\n        \t\t<\/div>\n\t\t\t\t<\/div>\n\t\t\t\t<div class=\"elementor-element elementor-element-ede5477 elementor-widget elementor-widget-text-editor\" data-id=\"ede5477\" data-element_type=\"widget\" data-widget_type=\"text-editor.default\">\n\t\t\t\t<div class=\"elementor-widget-container\">\n\t\t\t        <div class=\"elementor-text-editor elementor-clearfix\"><p><a href=\"mailto:info@koeju.com.py\">info@koeju.com.py<\/a><\/p><\/div>\n        \t\t<\/div>\n\t\t\t\t<\/div>\n\t\t\t\t<div class=\"elementor-element elementor-element-2ffb93e elementor-widget elementor-widget-text-editor\" data-id=\"2ffb93e\" data-element_type=\"widget\" data-widget_type=\"text-editor.default\">\n\t\t\t\t<div class=\"elementor-widget-container\">\n\t\t\t        <div class=\"elementor-text-editor elementor-clearfix\">telefono<\/div>\n        \t\t<\/div>\n\t\t\t\t<\/div>\n\t\t\t\t<div class=\"elementor-element elementor-element-da42699 elementor-widget elementor-widget-text-editor\" data-id=\"da42699\" data-element_type=\"widget\" data-widget_type=\"text-editor.default\">\n\t\t\t\t<div class=\"elementor-widget-container\">\n\t\t\t        <div class=\"elementor-text-editor elementor-clearfix\"><p><a href=\"callto:+59521 620 5060\">+59521 620 5060<\/a><\/p><\/div>\n        \t\t<\/div>\n\t\t\t\t<\/div>\n\t\t\t\t<div class=\"elementor-element elementor-element-8ca77a6 elementor-widget elementor-widget-text-editor\" data-id=\"8ca77a6\" data-element_type=\"widget\" data-widget_type=\"text-editor.default\">\n\t\t\t\t<div class=\"elementor-widget-container\">\n\t\t\t        <div class=\"elementor-text-editor elementor-clearfix\"><p>social<\/p><\/div>\n        \t\t<\/div>\n\t\t\t\t<\/div>\n\t\t\t\t<div class=\"elementor-element elementor-element-4814709 elementor-widget elementor-widget-icon-list\" data-id=\"4814709\" data-element_type=\"widget\" data-widget_type=\"icon-list.default\">\n\t\t\t\t<div class=\"elementor-widget-container\">\n\t\t\t<link rel=\"stylesheet\" href=\"https:\/\/www.koeju.org.py\/wp-content\/plugins\/elementor\/assets\/css\/widget-icon-list.min.css\">        <ul class=\"elementor-icon-list-items\">\n                            <li class=\"elementor-icon-list-item\" >\n                    <a href=\"https:\/\/www.facebook.com\/KoejuPy\">                        <span class=\"elementor-icon-list-icon\">\n\t\t\t\t\t\t\t<i class=\"fa fa-facebook-f\" aria-hidden=\"true\"><\/i>\n\t\t\t\t\t\t<\/span>\n                                        <span class=\"elementor-icon-list-text\">Facebook<\/span>\n                                            <\/a>\n                                    <\/li>\n                            <li class=\"elementor-icon-list-item\" >\n                    <a href=\"https:\/\/www.instagram.com\/koejupy\/\">                        <span class=\"elementor-icon-list-icon\">\n\t\t\t\t\t\t\t<i class=\"fa fa-instagram\" aria-hidden=\"true\"><\/i>\n\t\t\t\t\t\t<\/span>\n                                        <span class=\"elementor-icon-list-text\">Instagram<\/span>\n                                            <\/a>\n                                    <\/li>\n                            <li class=\"elementor-icon-list-item\" >\n                    <a href=\"https:\/\/www.youtube.com\/@koejufundacion\">                        <span class=\"elementor-icon-list-icon\">\n\t\t\t\t\t\t\t<i class=\"fa fa-youtube-play\" aria-hidden=\"true\"><\/i>\n\t\t\t\t\t\t<\/span>\n                                        <span class=\"elementor-icon-list-text\">Youtube<\/span>\n                                            <\/a>\n                                    <\/li>\n                    <\/ul>\n        \t\t<\/div>\n\t\t\t\t<\/div>\n\t\t\t\t\t<\/div>\n\t\t<\/div>\n\t\t\t\t<div class=\"elementor-column elementor-col-50 elementor-top-column elementor-element elementor-element-05b1417\" data-id=\"05b1417\" data-element_type=\"column\" data-settings=\"{&quot;background_background&quot;:&quot;classic&quot;}\">\n\t\t\t<div class=\"elementor-widget-wrap elementor-element-populated\">\n\t\t\t\t\t\t<div class=\"elementor-element elementor-element-a405589 elementor-widget elementor-widget-heading\" data-id=\"a405589\" data-element_type=\"widget\" data-widget_type=\"heading.default\">\n\t\t\t\t<div class=\"elementor-widget-container\">\n\t\t\t<h2 class=\"elementor-heading-title elementor-size-default\">Contactanos<\/h2>\t\t<\/div>\n\t\t\t\t<\/div>\n\t\t\t\t<div class=\"elementor-element elementor-element-8e621c4 elementor-widget elementor-widget-text-editor\" data-id=\"8e621c4\" data-element_type=\"widget\" data-widget_type=\"text-editor.default\">\n\t\t\t\t<div class=\"elementor-widget-container\">\n\t\t\t        <div class=\"elementor-text-editor elementor-clearfix\"><p>Completa el formulario<\/p><\/div>\n        \t\t<\/div>\n\t\t\t\t<\/div>\n\t\t\t\t<div class=\"elementor-element elementor-element-242be44 elementor-wpcf7-button-primary elementor-wpcf7-button-md elementor-widget elementor-widget-opal-contactform7\" data-id=\"242be44\" data-element_type=\"widget\" data-widget_type=\"opal-contactform7.default\">\n\t\t\t\t<div class=\"elementor-widget-container\">\n\t\t\t\n<div class=\"wpcf7 no-js\" id=\"wpcf7-f7-o1\" lang=\"en-US\" dir=\"ltr\">\n<div class=\"screen-reader-response\"><p role=\"status\" aria-live=\"polite\" aria-atomic=\"true\"><\/p> <ul><\/ul><\/div>\n<form action=\"\/index.php?rest_route=%2Fwp%2Fv2%2Fpages%2F1351#wpcf7-f7-o1\" method=\"post\" class=\"wpcf7-form init\" aria-label=\"Contact form\" novalidate=\"novalidate\" data-status=\"init\">\n<div style=\"display: none;\">\n<input type=\"hidden\" name=\"_wpcf7\" value=\"7\" \/>\n<input type=\"hidden\" name=\"_wpcf7_version\" value=\"5.9.6\" \/>\n<input type=\"hidden\" name=\"_wpcf7_locale\" value=\"en_US\" \/>\n<input type=\"hidden\" name=\"_wpcf7_unit_tag\" value=\"wpcf7-f7-o1\" \/>\n<input type=\"hidden\" name=\"_wpcf7_container_post\" value=\"0\" \/>\n<input type=\"hidden\" name=\"_wpcf7_posted_data_hash\" value=\"\" \/>\n<\/div>\n<p><label> Nombre<br \/>\n<span class=\"wpcf7-form-control-wrap\" data-name=\"your-name\"><input size=\"40\" maxlength=\"80\" class=\"wpcf7-form-control wpcf7-text wpcf7-validates-as-required\" autocomplete=\"name\" aria-required=\"true\" aria-invalid=\"false\" value=\"\" type=\"text\" name=\"your-name\" \/><\/span> <\/label>\n<\/p>\n<p><label> Email<br \/>\n<span class=\"wpcf7-form-control-wrap\" data-name=\"your-email\"><input size=\"40\" maxlength=\"80\" class=\"wpcf7-form-control wpcf7-email wpcf7-validates-as-required wpcf7-text wpcf7-validates-as-email\" autocomplete=\"email\" aria-required=\"true\" aria-invalid=\"false\" value=\"\" type=\"email\" name=\"your-email\" \/><\/span> <\/label>\n<\/p>\n<p><label> Tema<br \/>\n<span class=\"wpcf7-form-control-wrap\" data-name=\"your-subject\"><input size=\"40\" maxlength=\"80\" class=\"wpcf7-form-control wpcf7-text wpcf7-validates-as-required\" aria-required=\"true\" aria-invalid=\"false\" value=\"\" type=\"text\" name=\"your-subject\" \/><\/span> <\/label>\n<\/p>\n<p><label> Mensaje (opcional)<br \/>\n<span class=\"wpcf7-form-control-wrap\" data-name=\"your-message\"><textarea cols=\"40\" rows=\"10\" maxlength=\"400\" class=\"wpcf7-form-control wpcf7-textarea\" aria-invalid=\"false\" name=\"your-message\"><\/textarea><\/span> <\/label>\n<\/p>\n<p><input class=\"wpcf7-form-control wpcf7-submit has-spinner\" type=\"submit\" value=\"Enviar\" \/>\n<\/p><p style=\"display: none !important;\" class=\"akismet-fields-container\" data-prefix=\"_wpcf7_ak_\"><label>&#916;<textarea name=\"_wpcf7_ak_hp_textarea\" cols=\"45\" rows=\"8\" maxlength=\"100\"><\/textarea><\/label><input type=\"hidden\" id=\"ak_js_1\" name=\"_wpcf7_ak_js\" value=\"203\"\/><script>document.getElementById( \"ak_js_1\" ).setAttribute( \"value\", ( new Date() ).getTime() );<\/script><\/p><div class=\"wpcf7-response-output\" aria-hidden=\"true\"><\/div>\n<\/form>\n<\/div>\n\t\t<\/div>\n\t\t\t\t<\/div>\n\t\t\t\t\t<\/div>\n\t\t<\/div>\n\t\t\t\t\t<\/div>\n\t\t<\/section>\n\t\t\t\t<\/div>\n\t\t","protected":false},"excerpt":{"rendered":"<p>\u00a1Con\u00e9ctate con Nosotros! Cont\u00e1ctanos para Hacer la Diferencia Juntos direcci\u00f3n Olegario Andrade esq. Soriano Gonz\u00e1lezBarrio Herrera \/ Asunci\u00f3n \u2013 ParaguayC\u00f3digo Postal: 1383Casilla de Correo: 1833 email info@koeju.com.py telefono +59521 620 5060 social Facebook Instagram Youtube Contactanos Completa el formulario Nombre Email Tema Mensaje (opcional) &#916;<\/p>\n","protected":false},"author":1,"featured_media":0,"parent":0,"menu_order":0,"comment_status":"closed","ping_status":"closed","template":"page-elementor.php","meta":{"inline_featured_image":false,"footnotes":""},"class_list":["post-1351","page","type-page","status-publish","hentry"],"_links":{"self":[{"href":"https:\/\/www.koeju.org.py\/index.php?rest_route=\/wp\/v2\/pages\/1351","targetHints":{"allow":["GET"]}}],"collection":[{"href":"https:\/\/www.koeju.org.py\/index.php?rest_route=\/wp\/v2\/pages"}],"about":[{"href":"https:\/\/www.koeju.org.py\/index.php?rest_route=\/wp\/v2\/types\/page"}],"author":[{"embeddable":true,"href":"https:\/\/www.koeju.org.py\/index.php?rest_route=\/wp\/v2\/users\/1"}],"replies":[{"embeddable":true,"href":"https:\/\/www.koeju.org.py\/index.php?rest_route=%2Fwp%2Fv2%2Fcomments&post=1351"}],"version-history":[{"count":30,"href":"https:\/\/www.koeju.org.py\/index.php?rest_route=\/wp\/v2\/pages\/1351\/revisions"}],"predecessor-version":[{"id":3420,"href":"https:\/\/www.koeju.org.py\/index.php?rest_route=\/wp\/v2\/pages\/1351\/revisions\/3420"}],"wp:attachment":[{"href":"https:\/\/www.koeju.org.py\/index.php?rest_route=%2Fwp%2Fv2%2Fmedia&parent=1351"}],"curies":[{"name":"wp","href":"https:\/\/api.w.org\/{rel}","templated":true}]}}