{"id":1253,"date":"2019-08-23T07:19:00","date_gmt":"2019-08-23T07:19:00","guid":{"rendered":"http:\/\/source.wpopal.com\/unity\/?page_id=1253"},"modified":"2023-10-06T12:36:27","modified_gmt":"2023-10-06T12:36:27","slug":"quienes-somos","status":"publish","type":"page","link":"https:\/\/www.koeju.org.py\/?page_id=1253","title":{"rendered":"Quienes Somos"},"content":{"rendered":"\t\t<div data-elementor-type=\"wp-post\" data-elementor-id=\"1253\" class=\"elementor elementor-1253\">\n\t\t\t\t\t\t<section class=\"elementor-section elementor-top-section elementor-element elementor-element-e608a81 elementor-section-boxed elementor-section-height-default elementor-section-height-default\" data-id=\"e608a81\" data-element_type=\"section\">\n\t\t\t\t\t\t<div class=\"elementor-container elementor-column-gap-default\">\n\t\t\t\t\t<div class=\"elementor-column elementor-col-100 elementor-top-column elementor-element elementor-element-0bc1778\" data-id=\"0bc1778\" data-element_type=\"column\">\n\t\t\t<div class=\"elementor-widget-wrap elementor-element-populated\">\n\t\t\t\t\t\t<div class=\"elementor-element elementor-element-6cc9056 elementor-align-center elementor-widget elementor-widget-heading\" data-id=\"6cc9056\" data-element_type=\"widget\" data-widget_type=\"heading.default\">\n\t\t\t\t<div class=\"elementor-widget-container\">\n\t\t\t<style>\/*! elementor - v3.22.0 - 26-06-2024 *\/\n.elementor-heading-title{padding:0;margin:0;line-height:1}.elementor-widget-heading .elementor-heading-title[class*=elementor-size-]>a{color:inherit;font-size:inherit;line-height:inherit}.elementor-widget-heading .elementor-heading-title.elementor-size-small{font-size:15px}.elementor-widget-heading .elementor-heading-title.elementor-size-medium{font-size:19px}.elementor-widget-heading .elementor-heading-title.elementor-size-large{font-size:29px}.elementor-widget-heading .elementor-heading-title.elementor-size-xl{font-size:39px}.elementor-widget-heading .elementor-heading-title.elementor-size-xxl{font-size:59px}<\/style><h2 class=\"elementor-heading-title elementor-size-default\">Fundaci\u00f3n Ko'eju Paraguay<\/h2>\t\t<\/div>\n\t\t\t\t<\/div>\n\t\t\t\t\t<\/div>\n\t\t<\/div>\n\t\t\t\t\t<\/div>\n\t\t<\/section>\n\t\t\t\t<section class=\"elementor-section elementor-top-section elementor-element elementor-element-1588fed elementor-section-stretched animated-fast elementor-section-content-middle elementor-section-boxed elementor-section-height-default elementor-section-height-default elementor-invisible\" data-id=\"1588fed\" data-element_type=\"section\" data-settings=\"{&quot;stretch_section&quot;:&quot;section-stretched&quot;,&quot;animation&quot;:&quot;opal-move-up&quot;}\">\n\t\t\t\t\t\t<div class=\"elementor-container elementor-column-gap-no\">\n\t\t\t\t\t<div class=\"elementor-column elementor-col-50 elementor-top-column elementor-element elementor-element-e4fdbc1\" data-id=\"e4fdbc1\" data-element_type=\"column\">\n\t\t\t<div class=\"elementor-widget-wrap elementor-element-populated\">\n\t\t\t\t\t\t<div class=\"elementor-element elementor-element-1e624c5 elementor-widget elementor-widget-image\" data-id=\"1e624c5\" data-element_type=\"widget\" data-widget_type=\"image.default\">\n\t\t\t\t<div class=\"elementor-widget-container\">\n\t\t\t<style>\/*! elementor - v3.22.0 - 26-06-2024 *\/\n.elementor-widget-image{text-align:center}.elementor-widget-image a{display:inline-block}.elementor-widget-image a img[src$=\".svg\"]{width:48px}.elementor-widget-image img{vertical-align:middle;display:inline-block}<\/style>\t\t\t\t\t\t\t\t\t\t<img fetchpriority=\"high\" decoding=\"async\" width=\"1800\" height=\"1200\" src=\"https:\/\/www.koeju.org.py\/wp-content\/uploads\/2023\/10\/Foto-Quienes-Somos.jpg\" class=\"attachment-full size-full wp-image-3191\" alt=\"\" srcset=\"https:\/\/www.koeju.org.py\/wp-content\/uploads\/2023\/10\/Foto-Quienes-Somos.jpg 1800w, https:\/\/www.koeju.org.py\/wp-content\/uploads\/2023\/10\/Foto-Quienes-Somos-300x200.jpg 300w, https:\/\/www.koeju.org.py\/wp-content\/uploads\/2023\/10\/Foto-Quienes-Somos-1024x683.jpg 1024w, https:\/\/www.koeju.org.py\/wp-content\/uploads\/2023\/10\/Foto-Quienes-Somos-768x512.jpg 768w, https:\/\/www.koeju.org.py\/wp-content\/uploads\/2023\/10\/Foto-Quienes-Somos-1536x1024.jpg 1536w, https:\/\/www.koeju.org.py\/wp-content\/uploads\/2023\/10\/Foto-Quienes-Somos-400x267.jpg 400w\" sizes=\"(max-width: 1800px) 100vw, 1800px\" \/>\t\t\t\t\t\t\t\t\t\t\t\t\t<\/div>\n\t\t\t\t<\/div>\n\t\t\t\t\t<\/div>\n\t\t<\/div>\n\t\t\t\t<div class=\"elementor-column elementor-col-50 elementor-top-column elementor-element elementor-element-9e11eb6\" data-id=\"9e11eb6\" data-element_type=\"column\">\n\t\t\t<div class=\"elementor-widget-wrap elementor-element-populated\">\n\t\t\t\t\t\t<div class=\"elementor-element elementor-element-b432553 elementor-widget elementor-widget-text-editor\" data-id=\"b432553\" data-element_type=\"widget\" data-widget_type=\"text-editor.default\">\n\t\t\t\t<div class=\"elementor-widget-container\">\n\t\t\t<style>\/*! elementor - v3.22.0 - 26-06-2024 *\/\n.elementor-widget-text-editor.elementor-drop-cap-view-stacked .elementor-drop-cap{background-color:#69727d;color:#fff}.elementor-widget-text-editor.elementor-drop-cap-view-framed .elementor-drop-cap{color:#69727d;border:3px solid;background-color:transparent}.elementor-widget-text-editor:not(.elementor-drop-cap-view-default) .elementor-drop-cap{margin-top:8px}.elementor-widget-text-editor:not(.elementor-drop-cap-view-default) .elementor-drop-cap-letter{width:1em;height:1em}.elementor-widget-text-editor .elementor-drop-cap{float:left;text-align:center;line-height:1;font-size:50px}.elementor-widget-text-editor .elementor-drop-cap-letter{display:inline-block}<\/style>        <div class=\"elementor-text-editor elementor-clearfix\"><p><span lang=\"ES\">La Fundaci\u00f3n Ko\u2019eju es una organizaci\u00f3n sin fines de lucro enfocada a lograr la transformaci\u00f3n de ni\u00f1os y adolescentes en situaci\u00f3n de riesgo.<\/span>\u00a0<\/p><p><span lang=\"ES\">Fundaci\u00f3n Ko&#8217;eju s<\/span>ignifica en el idioma guaran\u00ed \u201cUn nuevo amanecer\u201d, una nueva vida, una vida con esperanza.\u00a0\u00a0<\/p><p><span lang=\"ES\">Actualmente contamos 32 Centros de Transformaci\u00f3n Ko\u2019eju, en diferentes puntos de Paraguay, con una atenci\u00f3n integral a 3.200 ni\u00f1os mensualmente, con la intenci\u00f3n de sembrar en ellos la certeza de que pueden generar cambios en su calidad de vida y en la de sus familias.<\/span><\/p><p><span lang=\"ES\">Los servicios en los centros de transformaci\u00f3n se implementan con un voluntariado comprometido y con personal de la organizaci\u00f3n. <b><u>\u00a0<\/u><\/b><br \/><\/span><\/p><\/div>\n        \t\t<\/div>\n\t\t\t\t<\/div>\n\t\t\t\t<div class=\"elementor-element elementor-element-ddd4b41 elementor-widget elementor-widget-text-editor\" data-id=\"ddd4b41\" data-element_type=\"widget\" data-widget_type=\"text-editor.default\">\n\t\t\t\t<div class=\"elementor-widget-container\">\n\t\t\t        <div class=\"elementor-text-editor elementor-clearfix\"><p><strong>\u00bfC\u00f3mo se sostiene la Fundaci\u00f3n?<\/strong><br \/>Con padrinazgo comprometido a invertir en el programa ko\u2019eju a trav\u00e9s de donaciones realizadas por personas y\/o empresas.<\/p><\/div>\n        \t\t<\/div>\n\t\t\t\t<\/div>\n\t\t\t\t\t<\/div>\n\t\t<\/div>\n\t\t\t\t\t<\/div>\n\t\t<\/section>\n\t\t\t\t<section class=\"elementor-section elementor-top-section elementor-element elementor-element-c30df66 elementor-section-stretched animated-fast elementor-section-boxed elementor-section-height-default elementor-section-height-default elementor-invisible\" data-id=\"c30df66\" data-element_type=\"section\" data-settings=\"{&quot;stretch_section&quot;:&quot;section-stretched&quot;,&quot;animation&quot;:&quot;opal-move-up&quot;}\">\n\t\t\t\t\t\t<div class=\"elementor-container elementor-column-gap-no\">\n\t\t\t\t\t<div class=\"elementor-column elementor-col-50 elementor-top-column elementor-element elementor-element-21e0377\" data-id=\"21e0377\" data-element_type=\"column\">\n\t\t\t<div class=\"elementor-widget-wrap elementor-element-populated\">\n\t\t\t\t\t\t<div class=\"elementor-element elementor-element-d2bcd42 elementor-align-center elementor-widget elementor-widget-heading\" data-id=\"d2bcd42\" data-element_type=\"widget\" data-widget_type=\"heading.default\">\n\t\t\t\t<div class=\"elementor-widget-container\">\n\t\t\t<h2 class=\"elementor-heading-title elementor-size-default\">Visi\u00f3n<\/h2><span class=\"heading-decor\"><\/span>\t\t<\/div>\n\t\t\t\t<\/div>\n\t\t\t\t<div class=\"elementor-element elementor-element-f37d49c elementor-widget elementor-widget-text-editor\" data-id=\"f37d49c\" data-element_type=\"widget\" data-widget_type=\"text-editor.default\">\n\t\t\t\t<div class=\"elementor-widget-container\">\n\t\t\t        <div class=\"elementor-text-editor elementor-clearfix\">\u201cTransformar una generaci\u00f3n, para cambiar una naci\u00f3n\u201d<\/div>\n        \t\t<\/div>\n\t\t\t\t<\/div>\n\t\t\t\t\t<\/div>\n\t\t<\/div>\n\t\t\t\t<div class=\"elementor-column elementor-col-50 elementor-top-column elementor-element elementor-element-a9e76d4\" data-id=\"a9e76d4\" data-element_type=\"column\">\n\t\t\t<div class=\"elementor-widget-wrap elementor-element-populated\">\n\t\t\t\t\t\t<div class=\"elementor-element elementor-element-72d811b elementor-align-center elementor-widget elementor-widget-heading\" data-id=\"72d811b\" data-element_type=\"widget\" data-widget_type=\"heading.default\">\n\t\t\t\t<div class=\"elementor-widget-container\">\n\t\t\t<h2 class=\"elementor-heading-title elementor-size-default\">Misi\u00f3n<\/h2><span class=\"heading-decor\"><\/span>\t\t<\/div>\n\t\t\t\t<\/div>\n\t\t\t\t<div class=\"elementor-element elementor-element-08043e0 elementor-widget elementor-widget-text-editor\" data-id=\"08043e0\" data-element_type=\"widget\" data-widget_type=\"text-editor.default\">\n\t\t\t\t<div class=\"elementor-widget-container\">\n\t\t\t        <div class=\"elementor-text-editor elementor-clearfix\">En los centros koeju trabajamos constantemente en el desarrollo integral de ni\u00f1os, adolescentes, j\u00f3venes y familias en situaci\u00f3n de pobreza para la transformaci\u00f3n integral de sus vidas, sus generaciones con principios y valores cristianos.<\/div>\n        \t\t<\/div>\n\t\t\t\t<\/div>\n\t\t\t\t\t<\/div>\n\t\t<\/div>\n\t\t\t\t\t<\/div>\n\t\t<\/section>\n\t\t\t\t<section class=\"elementor-section elementor-top-section elementor-element elementor-element-69514d7 elementor-section-stretched animated-fast elementor-section-boxed elementor-section-height-default elementor-section-height-default elementor-invisible\" data-id=\"69514d7\" data-element_type=\"section\" data-settings=\"{&quot;stretch_section&quot;:&quot;section-stretched&quot;,&quot;background_background&quot;:&quot;classic&quot;,&quot;animation&quot;:&quot;opal-move-up&quot;}\">\n\t\t\t\t\t\t<div class=\"elementor-container elementor-column-gap-no\">\n\t\t\t\t\t<div class=\"elementor-column elementor-col-100 elementor-top-column elementor-element elementor-element-c67e4ca animated-fast elementor-invisible\" data-id=\"c67e4ca\" data-element_type=\"column\" data-settings=\"{&quot;animation&quot;:&quot;opal-move-up&quot;}\">\n\t\t\t<div class=\"elementor-widget-wrap elementor-element-populated\">\n\t\t\t\t\t\t<div class=\"elementor-element elementor-element-b05ecb8 typo-heading-2 elementor-widget elementor-widget-text-editor\" data-id=\"b05ecb8\" data-element_type=\"widget\" data-widget_type=\"text-editor.default\">\n\t\t\t\t<div class=\"elementor-widget-container\">\n\t\t\t        <div class=\"elementor-text-editor elementor-clearfix\"><p>Valores<\/p><\/div>\n        \t\t<\/div>\n\t\t\t\t<\/div>\n\t\t\t\t<div class=\"elementor-element elementor-element-e68da9e elementor-widget elementor-widget-text-editor\" data-id=\"e68da9e\" data-element_type=\"widget\" data-widget_type=\"text-editor.default\">\n\t\t\t\t<div class=\"elementor-widget-container\">\n\t\t\t        <div class=\"elementor-text-editor elementor-clearfix\"><p><strong>AMOR:<\/strong> Nos impulsa el amor de Dios que es el arma m\u00e1s poderosa para cambiar y transformar vidas.<\/p><p><strong>JUSTICIA:<\/strong> Somos defensores de los ni\u00f1os en situaci\u00f3n de riesgo y comprometidos con las leyes de protecci\u00f3n.<\/p><p><strong>PASI\u00d3N:<\/strong> Somos apasionados de nuestra causa y comprometidos con Jesucristo en todo lo que hacemos.<\/p><p><strong>EXCELENCIA:<\/strong> Llevamos a cabo todas nuestras acciones con excelencia.<\/p><p><strong>F\u00c9:<\/strong> Nuestra fe en Dios y en Sus promesas nos dan poder para tener confianza y as\u00ed llevar a cabo nuestra misi\u00f3n.<\/p><p><strong>RESPETO:<\/strong> Somos respetuosos de los dem\u00e1s<\/p><p><strong>ESPERANZA:<\/strong> Ante el mal que nos rodea, mantenemos la esperanza.<\/p><p><strong>COOPERACI\u00d3N:<\/strong> Nos animamos unos a otros a medida que avanzamos en nuestra misi\u00f3n de transformar a los ni\u00f1os de la pobreza en el nombre de Jes\u00fas.<\/p><p><strong>HONESTIDAD:<\/strong> Trabajamos con amor a la justicia y la verdad por encima de beneficios personales.<\/p><p><strong>GENEROSIDAD:<\/strong> En todo lo que hacemos damos todo.<\/p><\/div>\n        \t\t<\/div>\n\t\t\t\t<\/div>\n\t\t\t\t\t<\/div>\n\t\t<\/div>\n\t\t\t\t\t<\/div>\n\t\t<\/section>\n\t\t\t\t<\/div>\n\t\t","protected":false},"excerpt":{"rendered":"<p>Fundaci\u00f3n Ko&#8217;eju Paraguay La Fundaci\u00f3n Ko\u2019eju es una organizaci\u00f3n sin fines de lucro enfocada a lograr la transformaci\u00f3n de ni\u00f1os y adolescentes en situaci\u00f3n de riesgo.\u00a0 Fundaci\u00f3n Ko&#8217;eju significa en el idioma guaran\u00ed \u201cUn nuevo amanecer\u201d, una nueva vida, una vida con esperanza.\u00a0\u00a0 Actualmente contamos 32 Centros de Transformaci\u00f3n Ko\u2019eju, en diferentes puntos de Paraguay, &hellip; <span class=\"more-link-wrap\"><a href=\"https:\/\/www.koeju.org.py\/?page_id=1253\" class=\"more-link\">Read More <span class=\"screen-reader-text\"> &#8220;Quienes Somos&#8221;<\/span><\/a><\/span><\/p>\n","protected":false},"author":1,"featured_media":0,"parent":0,"menu_order":0,"comment_status":"closed","ping_status":"closed","template":"page-elementor.php","meta":{"inline_featured_image":false,"footnotes":""},"class_list":["post-1253","page","type-page","status-publish","hentry"],"_links":{"self":[{"href":"https:\/\/www.koeju.org.py\/index.php?rest_route=\/wp\/v2\/pages\/1253","targetHints":{"allow":["GET"]}}],"collection":[{"href":"https:\/\/www.koeju.org.py\/index.php?rest_route=\/wp\/v2\/pages"}],"about":[{"href":"https:\/\/www.koeju.org.py\/index.php?rest_route=\/wp\/v2\/types\/page"}],"author":[{"embeddable":true,"href":"https:\/\/www.koeju.org.py\/index.php?rest_route=\/wp\/v2\/users\/1"}],"replies":[{"embeddable":true,"href":"https:\/\/www.koeju.org.py\/index.php?rest_route=%2Fwp%2Fv2%2Fcomments&post=1253"}],"version-history":[{"count":57,"href":"https:\/\/www.koeju.org.py\/index.php?rest_route=\/wp\/v2\/pages\/1253\/revisions"}],"predecessor-version":[{"id":3443,"href":"https:\/\/www.koeju.org.py\/index.php?rest_route=\/wp\/v2\/pages\/1253\/revisions\/3443"}],"wp:attachment":[{"href":"https:\/\/www.koeju.org.py\/index.php?rest_route=%2Fwp%2Fv2%2Fmedia&parent=1253"}],"curies":[{"name":"wp","href":"https:\/\/api.w.org\/{rel}","templated":true}]}}